{"id":792,"date":"2023-04-28T15:30:32","date_gmt":"2023-04-28T15:30:32","guid":{"rendered":"https:\/\/labman.pt\/new-website\/politica-de-privacidade\/"},"modified":"2023-11-13T19:01:07","modified_gmt":"2023-11-13T19:01:07","slug":"politica-de-privacidade","status":"publish","type":"page","link":"https:\/\/labman.pt\/pt-pt\/politica-de-privacidade\/","title":{"rendered":"Pol\u00edtica de privacidade"},"content":{"rendered":"\n<p><strong>\u00daltima atualiza\u00e7\u00e3o: 17 de maio de 2023<\/strong><\/p>\n\n<p>Este aviso de privacidade para a Labman, Lda (fazendo neg\u00f3cios como Labman) (<strong>&#8216;Labman<\/strong>&#8216;,<strong>&#8216;n\u00f3s<\/strong>&#8216;,<strong>&#8216;nos<\/strong>&#8216;, ou<strong>&#8216;nosso<\/strong>&#8216;), descreve como e porque podemos recolher, armazenar, usar, e\/ou partilhar (<strong>&#8216;processar<\/strong>&#8216;) a sua informa\u00e7\u00e3o quando usa os nossos servi\u00e7os (<strong>&#8216;Servi\u00e7os<\/strong>&#8216;), tal como quando:<\/p>\n\n<ul class=\"wp-block-list\">\n<li>Visitar o nosso s\u00edtio Web em <a href=\"https:\/\/labman.pt\/pt-pt\/\" target=\"_blank\" rel=\"noreferrer noopener\">https:\/\/labman.pt\/,<\/a> ou qualquer s\u00edtio Web nosso que aponte para esta declara\u00e7\u00e3o de privacidade<\/li>\n<\/ul>\n\n<ul class=\"wp-block-list\">\n<li>Interagir connosco de outras formas relacionadas, incluindo vendas, marketing ou eventos<\/li>\n<\/ul>\n\n<p><strong>D\u00favidas ou preocupa\u00e7\u00f5es?  <\/strong>A leitura deste aviso de privacidade ajud\u00e1-lo-\u00e1 a compreender os seus direitos e op\u00e7\u00f5es em mat\u00e9ria de privacidade. Se n\u00e3o concordar com as nossas pol\u00edticas e pr\u00e1ticas, n\u00e3o utilize os nossos Servi\u00e7os. Se ainda tiver d\u00favidas ou preocupa\u00e7\u00f5es, contacte-nos atrav\u00e9s do endere\u00e7o geral@labman.pt.<\/p>\n\n<p><strong>RESUMO DOS PONTOS PRINCIPAIS<\/strong><\/p>\n\n<p><strong>Que informa\u00e7\u00f5es pessoais processamos?<\/strong>  Quando o utilizador visita, utiliza ou navega nos nossos Servi\u00e7os, podemos processar informa\u00e7\u00e3o pessoal dependendo da forma como interage com a Labman e os Servi\u00e7os, das escolhas que faz e dos produtos e funcionalidades que utiliza.<\/p>\n\n<p><strong>Tratamos alguma informa\u00e7\u00e3o pessoal sens\u00edvel?<\/strong>  N\u00e3o processamos informa\u00e7\u00f5es pessoais sens\u00edveis.<\/p>\n\n<p><strong>Recebemos informa\u00e7\u00f5es de terceiros?<\/strong>  N\u00e3o recebemos quaisquer informa\u00e7\u00f5es de terceiros.<\/p>\n\n<p><strong>Como \u00e9 que processamos as suas informa\u00e7\u00f5es?<\/strong>  Processamos as suas informa\u00e7\u00f5es para fornecer, melhorar e administrar os nossos Servi\u00e7os, comunicar com o utilizador, para seguran\u00e7a e preven\u00e7\u00e3o de fraudes e para cumprir a lei. Podemos tamb\u00e9m processar as suas informa\u00e7\u00f5es para outros fins com o seu consentimento. Processamos as suas informa\u00e7\u00f5es apenas quando temos um motivo legal v\u00e1lido para o fazer.<\/p>\n\n<p><strong>Em que situa\u00e7\u00f5es e com que entidades partilhamos informa\u00e7\u00f5es pessoais?<\/strong>  Podemos partilhar informa\u00e7\u00f5es em situa\u00e7\u00f5es espec\u00edficas e com terceiros espec\u00edficos.<\/p>\n\n<p><strong>Como \u00e9 que mantemos as suas informa\u00e7\u00f5es seguras?<\/strong>  Dispomos de processos e procedimentos organizacionais e t\u00e9cnicos para proteger as suas informa\u00e7\u00f5es pessoais. No entanto, nenhuma transmiss\u00e3o eletr\u00f3nica atrav\u00e9s da Internet ou tecnologia de armazenamento de informa\u00e7\u00f5es pode ser garantida como sendo 100% segura, pelo que n\u00e3o podemos prometer ou garantir que os piratas inform\u00e1ticos, cibercriminosos ou outros terceiros n\u00e3o autorizados n\u00e3o consigam anular a nossa seguran\u00e7a e recolher, aceder, roubar ou modificar indevidamente as suas informa\u00e7\u00f5es.<\/p>\n\n<p><strong>Quais s\u00e3o os seus direitos?<\/strong>  Dependendo da localiza\u00e7\u00e3o geogr\u00e1fica do utilizador, a lei de privacidade aplic\u00e1vel pode significar que o utilizador tem determinados direitos relativamente \u00e0s suas informa\u00e7\u00f5es pessoais. Saiba mais sobre os seus direitos de privacidade.<\/p>\n\n<p><strong>Como exercer os seus direitos?<\/strong>  A forma mais f\u00e1cil de exercer os seus direitos \u00e9 apresentar um pedido de acesso ao titular dos dados ou contactar-nos. Analisaremos e daremos seguimento a qualquer pedido em conformidade com a legisla\u00e7\u00e3o aplic\u00e1vel em mat\u00e9ria de prote\u00e7\u00e3o de dados.<\/p>\n\n<p>Pretende saber mais sobre o que a Labman faz com as informa\u00e7\u00f5es que recolhemos? Reveja o aviso de privacidade na \u00edntegra.<\/p>\n\n<p><\/p>\n\n<p><strong>1. QUE INFORMA\u00c7\u00d5ES RECOLHEMOS?<\/strong><\/p>\n\n<p><strong>Informa\u00e7\u00f5es pessoais que nos divulga<\/strong><\/p>\n\n<p><strong>\n  <em>Em resumo:<\/em>\n<\/strong><em>Recolhemos informa\u00e7\u00f5es pessoais que nos s\u00e3o fornecidas pelo utilizador.<\/em><\/p>\n\n<p>Recolhemos informa\u00e7\u00f5es pessoais que o utilizador nos fornece voluntariamente quando manifesta interesse em obter informa\u00e7\u00f5es sobre n\u00f3s ou sobre os nossos produtos e Servi\u00e7os, quando participa em actividades nos Servi\u00e7os ou quando nos contacta.<\/p>\n\n<p><strong>Informa\u00e7\u00f5es pessoais fornecidas pelo utilizador.<\/strong>  As informa\u00e7\u00f5es pessoais que recolhemos dependem do contexto das suas interac\u00e7\u00f5es connosco e com os Servi\u00e7os, das escolhas que faz e dos produtos e funcionalidades que utiliza. As informa\u00e7\u00f5es pessoais que recolhemos podem incluir o seguinte:<\/p>\n\n<ul class=\"wp-block-list\">\n<li>nomes<\/li>\n<\/ul>\n\n<ul class=\"wp-block-list\">\n<li>n\u00fameros de telefone<\/li>\n<\/ul>\n\n<ul class=\"wp-block-list\">\n<li>endere\u00e7os electr\u00f3nicos<\/li>\n<\/ul>\n\n<p><strong>Informa\u00e7\u00f5es sens\u00edveis.<\/strong>  N\u00e3o tratamos informa\u00e7\u00f5es sens\u00edveis.<\/p>\n\n<p>Todas as informa\u00e7\u00f5es pessoais que o utilizador nos fornecer devem ser verdadeiras, completas e exactas, e o utilizador deve notificar-nos de quaisquer altera\u00e7\u00f5es a essas informa\u00e7\u00f5es pessoais.<\/p>\n\n<p><strong>Informa\u00e7\u00f5es recolhidas automaticamente<\/strong><\/p>\n\n<p><strong>\n  <em>Em resumo:<\/em>\n<\/strong><em>Algumas informa\u00e7\u00f5es &#8211; tais como o seu endere\u00e7o IP (Internet Protocol) e\/ou caracter\u00edsticas do browser e do dispositivo &#8211; s\u00e3o recolhidas automaticamente quando visita os nossos Servi\u00e7os.<\/em><\/p>\n\n<p>Recolhemos automaticamente determinadas informa\u00e7\u00f5es quando o utilizador visita, utiliza ou navega nos Servi\u00e7os. Estas informa\u00e7\u00f5es n\u00e3o revelam a sua identidade espec\u00edfica (como o seu nome ou informa\u00e7\u00f5es de contacto), mas podem incluir informa\u00e7\u00f5es sobre o dispositivo e a utiliza\u00e7\u00e3o, como o seu endere\u00e7o IP, caracter\u00edsticas do browser e do dispositivo, sistema operativo, prefer\u00eancias de idioma, URLs de refer\u00eancia, nome do dispositivo, pa\u00eds, localiza\u00e7\u00e3o, informa\u00e7\u00f5es sobre como e quando utiliza os nossos Servi\u00e7os e outras informa\u00e7\u00f5es t\u00e9cnicas. Estas informa\u00e7\u00f5es s\u00e3o necess\u00e1rias principalmente para manter a seguran\u00e7a e o funcionamento dos nossos Servi\u00e7os e para os nossos objectivos internos de an\u00e1lise e elabora\u00e7\u00e3o de relat\u00f3rios.<\/p>\n\n<p>As informa\u00e7\u00f5es que recolhemos incluem:<\/p>\n\n<ul class=\"wp-block-list\">\n<li><em>Dados de registo e de utiliza\u00e7\u00e3o.<\/em>  Os dados de registo e utiliza\u00e7\u00e3o s\u00e3o informa\u00e7\u00f5es relacionadas com o servi\u00e7o, diagn\u00f3stico, utiliza\u00e7\u00e3o e desempenho que os nossos servidores recolhem automaticamente quando o utilizador acede ou utiliza os nossos Servi\u00e7os e que registamos em ficheiros de registo. Dependendo da forma como o utilizador interage connosco, estes dados de registo podem incluir o seu endere\u00e7o IP, informa\u00e7\u00f5es do dispositivo, tipo de browser e defini\u00e7\u00f5es e informa\u00e7\u00f5es sobre a sua atividade nos Servi\u00e7os (como os carimbos de data\/hora associados \u00e0 sua utiliza\u00e7\u00e3o, p\u00e1ginas e ficheiros visualizados, pesquisas e outras ac\u00e7\u00f5es que executa, como as funcionalidades que utiliza), informa\u00e7\u00f5es de eventos do dispositivo (como a atividade do sistema, relat\u00f3rios de erros (por vezes designados &#8220;crash dumps&#8221;) e defini\u00e7\u00f5es de hardware).<\/li>\n<\/ul>\n\n<ul class=\"wp-block-list\">\n<li><em>Dados do dispositivo.<\/em>  Recolhemos dados do dispositivo, tais como informa\u00e7\u00f5es sobre o seu computador, telem\u00f3vel, tablet ou outro dispositivo que utilize para aceder aos Servi\u00e7os. Dependendo do dispositivo utilizado, estes dados do dispositivo podem incluir informa\u00e7\u00f5es como o seu endere\u00e7o IP (ou servidor proxy), n\u00fameros de identifica\u00e7\u00e3o do dispositivo e da aplica\u00e7\u00e3o, localiza\u00e7\u00e3o, tipo de browser, modelo de hardware, fornecedor de servi\u00e7os Internet e\/ou operadora m\u00f3vel, sistema operativo e informa\u00e7\u00f5es de configura\u00e7\u00e3o do sistema.<\/li>\n<\/ul>\n\n<p><\/p>\n\n<p><strong>2. COMO \u00c9 QUE PROCESSAMOS AS INFORMA\u00c7\u00d5ES DO UTILIZADOR?<\/strong><\/p>\n\n<p><strong><em>Em resumo:  <\/em><\/strong><em>Processamos as suas informa\u00e7\u00f5es para fornecer, melhorar e administrar os nossos Servi\u00e7os, comunicar com o utilizador, para seguran\u00e7a e preven\u00e7\u00e3o de fraudes e para cumprir a lei. Podemos tamb\u00e9m processar as suas informa\u00e7\u00f5es para outros fins com o seu consentimento.<\/em><\/p>\n\n<p><strong>Processamos as suas informa\u00e7\u00f5es pessoais por v\u00e1rios motivos, dependendo da forma como interage com os nossos Servi\u00e7os, incluindo:<\/strong><\/p>\n\n<ul class=\"wp-block-list\">\n<li><strong>Para solicitar feedback.  <\/strong>Poderemos processar as suas informa\u00e7\u00f5es quando necess\u00e1rio para solicitar feedback e para o contactar sobre a sua utiliza\u00e7\u00e3o dos nossos Servi\u00e7os.<\/li>\n<\/ul>\n\n<ul class=\"wp-block-list\">\n<li><strong>Para lhe enviar comunica\u00e7\u00f5es de marketing e promocionais.  <\/strong>Podemos processar as informa\u00e7\u00f5es pessoais que nos enviar para fins de marketing, se tal estiver de acordo com as suas prefer\u00eancias de marketing. O utilizador pode optar por n\u00e3o receber os nossos e-mails de marketing em qualquer altura.<\/li>\n<\/ul>\n\n<ul class=\"wp-block-list\">\n<li><strong>Para proteger os nossos Servi\u00e7os.<\/strong>  Podemos processar as suas informa\u00e7\u00f5es como parte dos nossos esfor\u00e7os para manter os nossos Servi\u00e7os seguros e protegidos, incluindo a monitoriza\u00e7\u00e3o e preven\u00e7\u00e3o de fraudes.<\/li>\n<\/ul>\n\n<ul class=\"wp-block-list\">\n<li><strong>Para identificar tend\u00eancias de utiliza\u00e7\u00e3o.<\/strong>  Podemos processar informa\u00e7\u00f5es sobre a forma como o utilizador utiliza os nossos Servi\u00e7os para compreender melhor como est\u00e3o a ser utilizados, de modo a podermos melhor\u00e1-los.<\/li>\n<\/ul>\n\n<ul class=\"wp-block-list\">\n<li><strong>Para salvar ou proteger o interesse vital de um indiv\u00edduo.<\/strong>  Podemos processar as suas informa\u00e7\u00f5es quando necess\u00e1rio para salvar ou proteger os interesses vitais de um indiv\u00edduo, por exemplo, para evitar danos.<\/li>\n<\/ul>\n\n<p><\/p>\n\n<p><strong>3. EM QUE BASES JUR\u00cdDICAS NOS BASEAMOS PARA PROCESSAR AS SUAS INFORMA\u00c7\u00d5ES?<\/strong><\/p>\n\n<p><em><strong>Em resumo:  <\/strong>Apenas processamos as suas informa\u00e7\u00f5es pessoais quando acreditamos que \u00e9 necess\u00e1rio e temos um motivo legal v\u00e1lido (ou seja, base legal) para o fazer ao abrigo da legisla\u00e7\u00e3o aplic\u00e1vel, como com o seu consentimento, para cumprir as leis, para lhe fornecer servi\u00e7os para entrar ou cumprir as nossas obriga\u00e7\u00f5es contratuais, para proteger os seus direitos ou para cumprir os nossos interesses comerciais leg\u00edtimos.<\/em><\/p>\n\n<p>O Regulamento Geral sobre a Prote\u00e7\u00e3o de Dados (RGPD) e o RGPD do Reino Unido exigem que expliquemos as bases jur\u00eddicas v\u00e1lidas em que nos apoiamos para processar as suas informa\u00e7\u00f5es pessoais. Como tal, podemos basear-nos nas seguintes bases legais para processar as suas informa\u00e7\u00f5es pessoais:<\/p>\n\n<ul class=\"wp-block-list\">\n<li><strong>Autorizado.  <\/strong>Podemos processar as informa\u00e7\u00f5es do utilizador se este nos tiver dado autoriza\u00e7\u00e3o (ou seja, consentimento) para utilizar as suas informa\u00e7\u00f5es pessoais para um fim espec\u00edfico. O utilizador pode retirar o seu consentimento em qualquer altura.<\/li>\n<\/ul>\n\n<ul class=\"wp-block-list\">\n<li><strong>Interesses leg\u00edtimos.<\/strong>  Podemos processar as suas informa\u00e7\u00f5es quando considerarmos que \u00e9 razoavelmente necess\u00e1rio para atingir os nossos interesses comerciais leg\u00edtimos e esses interesses n\u00e3o se sobrep\u00f5em aos seus interesses e direitos e liberdades fundamentais. Por exemplo, podemos processar as informa\u00e7\u00f5es pessoais do utilizador para algumas das finalidades descritas, a fim de<\/li>\n<\/ul>\n\n<ul class=\"wp-block-list\">\n<li>Enviar aos utilizadores informa\u00e7\u00f5es sobre ofertas especiais e descontos nos nossos produtos e servi\u00e7os<\/li>\n<\/ul>\n\n<ul class=\"wp-block-list\">\n<li>Analisar a forma como os nossos Servi\u00e7os s\u00e3o utilizados, de modo a podermos melhor\u00e1-los para envolver e reter os utilizadores<\/li>\n<\/ul>\n\n<ul class=\"wp-block-list\">\n<li>Diagnosticar problemas e\/ou prevenir actividades fraudulentas<\/li>\n<\/ul>\n\n<ul class=\"wp-block-list\">\n<li>Compreender como os nossos utilizadores utilizam os nossos produtos e servi\u00e7os para podermos melhorar a experi\u00eancia do utilizador<\/li>\n<\/ul>\n\n<ul class=\"wp-block-list\">\n<li><strong>Obriga\u00e7\u00f5es legais.<\/strong>  Podemos processar as suas informa\u00e7\u00f5es quando considerarmos que \u00e9 necess\u00e1rio para o cumprimento das nossas obriga\u00e7\u00f5es legais, por exemplo, para cooperar com um organismo de aplica\u00e7\u00e3o da lei ou uma ag\u00eancia reguladora, exercer ou defender os nossos direitos legais ou divulgar as suas informa\u00e7\u00f5es como prova num lit\u00edgio em que estejamos envolvidos.<\/li>\n<\/ul>\n\n<ul class=\"wp-block-list\">\n<li><strong>Interesses vitais.<\/strong>  Podemos processar as suas informa\u00e7\u00f5es quando considerarmos que \u00e9 necess\u00e1rio proteger os seus interesses vitais ou os interesses vitais de terceiros, tais como situa\u00e7\u00f5es que envolvam potenciais amea\u00e7as \u00e0 seguran\u00e7a de qualquer pessoa.<\/li>\n<\/ul>\n\n<p><\/p>\n\n<p><strong>4. QUANDO E COM QUEM PARTILHAMOS AS SUAS INFORMA\u00c7\u00d5ES PESSOAIS?<\/strong><\/p>\n\n<p><strong>\n  <em>Em resumo:<\/em>\n<\/strong><em> Podemos partilhar informa\u00e7\u00f5es em situa\u00e7\u00f5es espec\u00edficas descritas nesta sec\u00e7\u00e3o e\/ou com os seguintes terceiros.<\/em><\/p>\n\n<p>Poderemos ter de partilhar as suas informa\u00e7\u00f5es pessoais nas seguintes situa\u00e7\u00f5es:<\/p>\n\n<ul class=\"wp-block-list\">\n<li><strong>Transfer\u00eancias de empresas.<\/strong>  Podemos partilhar ou transferir as suas informa\u00e7\u00f5es em liga\u00e7\u00e3o com, ou durante as negocia\u00e7\u00f5es de, qualquer fus\u00e3o, venda de activos da empresa, financiamento ou aquisi\u00e7\u00e3o da totalidade ou de parte da nossa atividade a outra empresa.<\/li>\n<\/ul>\n\n<p><\/p>\n\n<p><strong>5. DURANTE QUANTO TEMPO CONSERVAMOS AS SUAS INFORMA\u00c7\u00d5ES?<\/strong><\/p>\n\n<p><strong>\n  <em>Em resumo: <\/em>\n<\/strong><em>Conservamos as suas informa\u00e7\u00f5es durante o tempo necess\u00e1rio para cumprir os objectivos descritos na presente declara\u00e7\u00e3o de privacidade, salvo disposi\u00e7\u00e3o legal em contr\u00e1rio.<\/em><\/p>\n\n<p>Apenas conservaremos as suas informa\u00e7\u00f5es pessoais durante o tempo necess\u00e1rio para os fins definidos nesta declara\u00e7\u00e3o de privacidade, exceto se for exigido ou permitido por lei um per\u00edodo de conserva\u00e7\u00e3o mais longo (por exemplo, para efeitos fiscais, contabil\u00edsticos ou outros requisitos legais).<\/p>\n\n<p>Quando n\u00e3o tivermos qualquer necessidade comercial leg\u00edtima de processar as suas informa\u00e7\u00f5es pessoais, eliminaremos ou tornaremos an\u00f3nimas essas informa\u00e7\u00f5es ou, se tal n\u00e3o for poss\u00edvel (por exemplo, porque as suas informa\u00e7\u00f5es pessoais foram armazenadas em arquivos de seguran\u00e7a), armazenaremos de forma segura as suas informa\u00e7\u00f5es pessoais e isol\u00e1-las-emos de qualquer outro processamento at\u00e9 que a elimina\u00e7\u00e3o seja poss\u00edvel.<\/p>\n\n<p><\/p>\n\n<p><strong>6. COMO \u00c9 QUE MANTEMOS AS SUAS INFORMA\u00c7\u00d5ES SEGURAS?<\/strong><\/p>\n\n<p><strong>\n  <em>Em resumo: <\/em>\n<\/strong><em>O nosso objetivo \u00e9 proteger as suas informa\u00e7\u00f5es pessoais atrav\u00e9s de um sistema de medidas de seguran\u00e7a organizacionais e t\u00e9cnicas.<\/em><\/p>\n\n<p>Implement\u00e1mos medidas de seguran\u00e7a t\u00e9cnicas e organizacionais adequadas e razo\u00e1veis, concebidas para proteger a seguran\u00e7a de todas as informa\u00e7\u00f5es pessoais que processamos. No entanto, apesar das nossas salvaguardas e esfor\u00e7os para proteger as suas informa\u00e7\u00f5es, nenhuma transmiss\u00e3o eletr\u00f3nica atrav\u00e9s da Internet ou tecnologia de armazenamento de informa\u00e7\u00f5es pode ser garantida como sendo 100% segura, pelo que n\u00e3o podemos prometer ou garantir que os piratas inform\u00e1ticos, cibercriminosos ou outros terceiros n\u00e3o autorizados n\u00e3o consigam anular a nossa seguran\u00e7a e recolher, aceder, roubar ou modificar indevidamente as suas informa\u00e7\u00f5es. Embora fa\u00e7amos o nosso melhor para proteger as suas informa\u00e7\u00f5es pessoais, a transmiss\u00e3o de informa\u00e7\u00f5es pessoais de e para os nossos Servi\u00e7os \u00e9 feita por sua conta e risco. O utilizador s\u00f3 deve aceder aos Servi\u00e7os num ambiente seguro.<\/p>\n\n<p><\/p>\n\n<p><strong>7. QUAIS S\u00c3O OS SEUS DIREITOS DE PRIVACIDADE?<\/strong><\/p>\n\n<p><strong><em>Em resumo:<\/em><\/strong><em>  Em algumas regi\u00f5es, como o Espa\u00e7o Econ\u00f3mico Europeu (EEE) e o Reino Unido (RU), o utilizador tem direitos que lhe permitem um maior acesso e controlo sobre as suas informa\u00e7\u00f5es pessoais. O utilizador pode rever, alterar ou encerrar a sua conta em qualquer altura.<\/em><\/p>\n\n<p>Em algumas regi\u00f5es (como o EEE e o Reino Unido), o utilizador tem determinados direitos ao abrigo da legisla\u00e7\u00e3o de prote\u00e7\u00e3o de dados aplic\u00e1vel. Estes podem incluir o direito  <\/p>\n\n<p>(i) solicitar o acesso e obter uma c\u00f3pia das suas informa\u00e7\u00f5es pessoais,  <\/p>\n\n<p>(ii) solicitar a retifica\u00e7\u00e3o ou o apagamento;<\/p>\n\n<p>(iii) restringir o tratamento das suas informa\u00e7\u00f5es pessoais; e  <\/p>\n\n<p>(iv) se aplic\u00e1vel, \u00e0 portabilidade dos dados. Em determinadas circunst\u00e2ncias, o utilizador pode tamb\u00e9m ter o direito de se opor ao tratamento das suas informa\u00e7\u00f5es pessoais. Pode fazer esse pedido contactando-nos atrav\u00e9s dos dados de contacto fornecidos na sec\u00e7\u00e3o &#8220;COMO PODE CONTACTAR-NOS SOBRE ESTE AVISO?&#8221; abaixo.<\/p>\n\n<p>Analisaremos e daremos seguimento a qualquer pedido em conformidade com a legisla\u00e7\u00e3o aplic\u00e1vel em mat\u00e9ria de prote\u00e7\u00e3o de dados.<\/p>\n\n<p>Se estiver localizado no EEE ou no Reino Unido e considerar que estamos a processar ilegalmente as suas informa\u00e7\u00f5es pessoais, tamb\u00e9m tem o direito de apresentar queixa \u00e0 <a href=\"https:\/\/ec.europa.eu\/justice\/data-protection\/bodies\/authorities\/index_en.htm\" rel=\"noreferrer noopener\" target=\"_blank\">autoridade de prote\u00e7\u00e3o de dados do<\/a> seu <a href=\"https:\/\/ec.europa.eu\/justice\/data-protection\/bodies\/authorities\/index_en.htm\" rel=\"noreferrer noopener\" target=\"_blank\">Estado-Membro<\/a> ou \u00e0 <a href=\"https:\/\/ico.org.uk\/make-a-complaint\/data-protection-complaints\/data-protection-complaints\/\" rel=\"noreferrer noopener\" target=\"_blank\">autoridade de prote\u00e7\u00e3o de dados do Reino Unido<\/a>.<\/p>\n\n<p>Se estiver localizado na Su\u00ed\u00e7a, pode contactar o <a href=\"https:\/\/www.edoeb.admin.ch\/edoeb\/en\/home.html\" rel=\"noreferrer noopener\" target=\"_blank\">Comiss\u00e1rio Federal para a Prote\u00e7\u00e3o de Dados e Informa\u00e7\u00e3o<\/a>.<\/p>\n\n<p><strong>\n  <u>Retirar o seu consentimento:<\/u>\n<\/strong> Se estivermos a contar com o seu consentimento para processar as suas informa\u00e7\u00f5es pessoais, tem o direito de retirar o seu consentimento em qualquer altura. Pode retirar o seu consentimento a qualquer momento, contactando-nos atrav\u00e9s dos dados de contacto fornecidos na sec\u00e7\u00e3o &#8220;COMO PODE CONTACTAR-NOS SOBRE ESTE AVISO?&#8221; abaixo.<\/p>\n\n<p>No entanto, note-se que isto n\u00e3o afectar\u00e1 a legalidade do tratamento antes da sua retirada nem afectar\u00e1 o tratamento das suas informa\u00e7\u00f5es pessoais efectuado com base em motivos de tratamento legais que n\u00e3o o consentimento.<\/p>\n\n<p><strong><u>Optar por n\u00e3o receber comunica\u00e7\u00f5es de marketing e promocionais:<\/u><\/strong>  Pode anular a subscri\u00e7\u00e3o das nossas comunica\u00e7\u00f5es de marketing e promocionais em qualquer altura, clicando na liga\u00e7\u00e3o de anula\u00e7\u00e3o da subscri\u00e7\u00e3o nos e-mails que enviamos ou contactando-nos atrav\u00e9s dos dados fornecidos na sec\u00e7\u00e3o &#8220;COMO PODE CONTACTAR-NOS SOBRE ESTA NOTIFICA\u00c7\u00c3O? O utilizador ser\u00e1 ent\u00e3o retirado das listas de comercializa\u00e7\u00e3o. No entanto, podemos continuar a comunicar com o utilizador &#8211; por exemplo, para lhe enviar mensagens relacionadas com o servi\u00e7o que sejam necess\u00e1rias para a administra\u00e7\u00e3o e utiliza\u00e7\u00e3o da sua conta, para responder a pedidos de servi\u00e7o ou para outros fins n\u00e3o comerciais.<\/p>\n\n<p>Se tiver perguntas ou coment\u00e1rios sobre os seus direitos de privacidade, pode enviar-nos uma mensagem de correio eletr\u00f3nico para geral@labman.pt.<\/p>\n\n<p><\/p>\n\n<p><strong>8. CONTROLOS DAS FUN\u00c7\u00d5ES DE N\u00c3O RASTREIO<\/strong><\/p>\n\n<p>A maioria dos navegadores Web e alguns sistemas operativos m\u00f3veis e aplica\u00e7\u00f5es m\u00f3veis incluem uma funcionalidade ou defini\u00e7\u00e3o Do-Not-Track (&#8220;DNT&#8221;) que pode ser activada para assinalar a sua prefer\u00eancia de privacidade de n\u00e3o ter dados sobre as suas actividades de navega\u00e7\u00e3o online monitorizados e recolhidos. Nesta fase, ainda n\u00e3o foi finalizada uma norma tecnol\u00f3gica uniforme para o reconhecimento e a aplica\u00e7\u00e3o dos sinais DNT. Como tal, atualmente n\u00e3o respondemos aos sinais DNT do browser ou a qualquer outro mecanismo que comunique automaticamente a sua op\u00e7\u00e3o de n\u00e3o ser rastreado online. Se for adoptada uma norma para o rastreio em linha que tenhamos de seguir no futuro, informaremos o utilizador sobre essa pr\u00e1tica numa vers\u00e3o revista desta declara\u00e7\u00e3o de privacidade.<\/p>\n\n<p><\/p>\n\n<p><strong>9. FAZEMOS ACTUALIZA\u00c7\u00d5ES A ESTE AVISO?<\/strong><\/p>\n\n<p><em><strong>Em resumo: <\/strong>Sim, actualizaremos este aviso conforme necess\u00e1rio para nos mantermos em conformidade com a legisla\u00e7\u00e3o relevante.<\/em><\/p>\n\n<p>Podemos atualizar este aviso de privacidade periodicamente. A vers\u00e3o actualizada ser\u00e1 indicada por uma data &#8220;Revisto&#8221; actualizada e a vers\u00e3o actualizada entrar\u00e1 em vigor assim que estiver acess\u00edvel. Se fizermos altera\u00e7\u00f5es substanciais a esta declara\u00e7\u00e3o de privacidade, poderemos notificar o utilizador atrav\u00e9s da afixa\u00e7\u00e3o de um aviso sobre essas altera\u00e7\u00f5es ou enviando-lhe diretamente uma notifica\u00e7\u00e3o. Recomendamos que reveja frequentemente este aviso de privacidade para se manter informado sobre a forma como estamos a proteger as suas informa\u00e7\u00f5es.<\/p>\n\n<p><\/p>\n\n<p><strong>10. COMO PODE CONTACTAR-NOS SOBRE ESTE AVISO?<\/strong><\/p>\n\n<p>Se tiver perguntas ou coment\u00e1rios sobre este aviso, pode enviar-nos um e-mail para geral@labman.pt ou contactar-nos por correio para:<\/p>\n\n<p>Labman, Lda<\/p>\n\n<p>Rua do Pombal N\u00ba 102<\/p>\n\n<p>Avintes 4430-612<\/p>\n\n<p>Portugal<\/p>\n\n<p><\/p>\n\n<p><strong>11. COMO PODE REVER, ACTUALIZAR OU APAGAR OS DADOS QUE RECOLHEMOS SOBRE SI?<\/strong><\/p>\n\n<p>O utilizador tem o direito de solicitar o acesso \u00e0s informa\u00e7\u00f5es pessoais que recolhemos sobre si, de alterar essas informa\u00e7\u00f5es ou de as apagar. Para solicitar a revis\u00e3o, atualiza\u00e7\u00e3o ou elimina\u00e7\u00e3o das suas informa\u00e7\u00f5es pessoais, contacte-nos atrav\u00e9s do endere\u00e7o geral@labman.pt.<\/p>\n","protected":false},"excerpt":{"rendered":"<p>\u00daltima atualiza\u00e7\u00e3o: 17 de maio de 2023 Este aviso de privacidade para a Labman, Lda (fazendo neg\u00f3cios como Labman) (&#8216;Labman&#8216;,&#8216;n\u00f3s&#8216;,&#8216;nos&#8216;, ou&#8216;nosso&#8216;), descreve como e porque podemos recolher, armazenar, usar, e\/ou partilhar (&#8216;processar&#8216;) a sua informa\u00e7\u00e3o quando usa os nossos servi\u00e7os (&#8216;Servi\u00e7os&#8216;), tal como quando: D\u00favidas ou preocupa\u00e7\u00f5es? A leitura deste aviso de privacidade ajud\u00e1-lo-\u00e1 a [&hellip;]<\/p>\n","protected":false},"author":1,"featured_media":0,"parent":0,"menu_order":0,"comment_status":"closed","ping_status":"open","template":"","meta":{"footnotes":""},"class_list":["post-792","page","type-page","status-publish","hentry"],"_links":{"self":[{"href":"https:\/\/labman.pt\/pt-pt\/wp-json\/wp\/v2\/pages\/792","targetHints":{"allow":["GET"]}}],"collection":[{"href":"https:\/\/labman.pt\/pt-pt\/wp-json\/wp\/v2\/pages"}],"about":[{"href":"https:\/\/labman.pt\/pt-pt\/wp-json\/wp\/v2\/types\/page"}],"author":[{"embeddable":true,"href":"https:\/\/labman.pt\/pt-pt\/wp-json\/wp\/v2\/users\/1"}],"replies":[{"embeddable":true,"href":"https:\/\/labman.pt\/pt-pt\/wp-json\/wp\/v2\/comments?post=792"}],"version-history":[{"count":0,"href":"https:\/\/labman.pt\/pt-pt\/wp-json\/wp\/v2\/pages\/792\/revisions"}],"wp:attachment":[{"href":"https:\/\/labman.pt\/pt-pt\/wp-json\/wp\/v2\/media?parent=792"}],"curies":[{"name":"wp","href":"https:\/\/api.w.org\/{rel}","templated":true}]}}